{"id":17,"date":"2019-03-29T09:46:32","date_gmt":"2019-03-29T09:46:32","guid":{"rendered":"http:\/\/trachten-stueberl.eu\/?page_id=17"},"modified":"2026-01-16T13:45:08","modified_gmt":"2026-01-16T13:45:08","slug":"impressum","status":"publish","type":"page","link":"https:\/\/trachten-stueberl.eu\/?page_id=17","title":{"rendered":"Impressum"},"content":{"rendered":"\n<p>Trachtenst\u00fcberl<br>Inhaber: Andrea Berkm\u00fcller<br>Orchheimer Str. 27-29<\/p>\n\n\n\n<p>53902 Bad M\u00fcnstereifel<\/p>\n\n\n\n<p>Telefonnummer: 02253 8880<br>E-Mailadresse: postmaster@trachtenstueberl.eu<\/p>\n\n\n\n<p>Umsatzsteuer-Identifikationsnummer: DE241078772<\/p>\n\n\n\n<p>Inhaltlich verantwortlich: Andrea Berkm\u00fcller und Theo Broere <\/p>\n\n\n\n<p>Plattform der Europ\u00e4ischen Kommission zur Online-Streitbeilegung (OS) f\u00fcr Verbraucher: <a target=\"_blank\" rel=\"noreferrer noopener\">https:\/\/ec.europa.eu\/consumers\/odr\/<\/a>. Wir sind nicht bereit und nicht verpflichtet an einem Streitbeilegungsverfahren vor einer Verbraucherschlichtungsstelle teilzunehmen.<\/p>\n\n\n\n<p>Foto auf der Startseite: Copyright \u00a9 2018 Taleco Handels GmbH<\/p>\n","protected":false},"excerpt":{"rendered":"<p>Trachtenst\u00fcberlInhaber: Andrea Berkm\u00fcllerOrchheimer Str. 27-29 53902 Bad M\u00fcnstereifel Telefonnummer: 02253 8880E-Mailadresse: postmaster@trachtenstueberl.eu Umsatzsteuer-Identifikationsnummer: DE241078772 Inhaltlich verantwortlich: Andrea Berkm\u00fcller und Theo Broere Plattform der Europ\u00e4ischen Kommission zur Online-Streitbeilegung (OS) f\u00fcr Verbraucher: https:\/\/ec.europa.eu\/consumers\/odr\/. Wir sind nicht bereit und nicht verpflichtet an einem Streitbeilegungsverfahren vor einer Verbraucherschlichtungsstelle teilzunehmen. &hellip; <a href=\"https:\/\/trachten-stueberl.eu\/?page_id=17\" class=\"more-link\"><span>Continue reading<span class=\"screen-reader-text\">Impressum<\/span><\/span><\/a><\/p>\n","protected":false},"author":1,"featured_media":0,"parent":0,"menu_order":0,"comment_status":"closed","ping_status":"closed","template":"","meta":{"footnotes":""},"class_list":["post-17","page","type-page","status-publish","hentry"],"_links":{"self":[{"href":"https:\/\/trachten-stueberl.eu\/index.php?rest_route=\/wp\/v2\/pages\/17","targetHints":{"allow":["GET"]}}],"collection":[{"href":"https:\/\/trachten-stueberl.eu\/index.php?rest_route=\/wp\/v2\/pages"}],"about":[{"href":"https:\/\/trachten-stueberl.eu\/index.php?rest_route=\/wp\/v2\/types\/page"}],"author":[{"embeddable":true,"href":"https:\/\/trachten-stueberl.eu\/index.php?rest_route=\/wp\/v2\/users\/1"}],"replies":[{"embeddable":true,"href":"https:\/\/trachten-stueberl.eu\/index.php?rest_route=%2Fwp%2Fv2%2Fcomments&post=17"}],"version-history":[{"count":9,"href":"https:\/\/trachten-stueberl.eu\/index.php?rest_route=\/wp\/v2\/pages\/17\/revisions"}],"predecessor-version":[{"id":776,"href":"https:\/\/trachten-stueberl.eu\/index.php?rest_route=\/wp\/v2\/pages\/17\/revisions\/776"}],"wp:attachment":[{"href":"https:\/\/trachten-stueberl.eu\/index.php?rest_route=%2Fwp%2Fv2%2Fmedia&parent=17"}],"curies":[{"name":"wp","href":"https:\/\/api.w.org\/{rel}","templated":true}]}}