{"id":51,"date":"2019-04-08T14:46:53","date_gmt":"2019-04-08T14:46:53","guid":{"rendered":"http:\/\/trachten-stueberl.eu\/?page_id=51"},"modified":"2019-11-15T07:58:17","modified_gmt":"2019-11-15T07:58:17","slug":"moser","status":"publish","type":"page","link":"https:\/\/trachten-stueberl.eu\/?page_id=51","title":{"rendered":"Moser"},"content":{"rendered":"\n<p>Die hier gezeigten Fotos stellen eine Auswahl der auf der letzten Messe bestellten Produkte dar. Wir \u00fcbernehmen keine Garantie f\u00fcr die Lieferbarkeit oder Ausf\u00fchrung der gezeigten Produkte.<\/p>\n\n\n\n<p>Fotos der Fr\u00fchjahrskollektion wahrscheinlich ab Mai 2020.<\/p>\n","protected":false},"excerpt":{"rendered":"<p>Die hier gezeigten Fotos stellen eine Auswahl der auf der letzten Messe bestellten Produkte dar. Wir \u00fcbernehmen keine Garantie f\u00fcr die Lieferbarkeit oder Ausf\u00fchrung der gezeigten Produkte. Fotos der Fr\u00fchjahrskollektion wahrscheinlich ab Mai 2020.<\/p>\n","protected":false},"author":1,"featured_media":0,"parent":0,"menu_order":0,"comment_status":"closed","ping_status":"closed","template":"","meta":{"footnotes":""},"class_list":["post-51","page","type-page","status-publish","hentry"],"_links":{"self":[{"href":"https:\/\/trachten-stueberl.eu\/index.php?rest_route=\/wp\/v2\/pages\/51","targetHints":{"allow":["GET"]}}],"collection":[{"href":"https:\/\/trachten-stueberl.eu\/index.php?rest_route=\/wp\/v2\/pages"}],"about":[{"href":"https:\/\/trachten-stueberl.eu\/index.php?rest_route=\/wp\/v2\/types\/page"}],"author":[{"embeddable":true,"href":"https:\/\/trachten-stueberl.eu\/index.php?rest_route=\/wp\/v2\/users\/1"}],"replies":[{"embeddable":true,"href":"https:\/\/trachten-stueberl.eu\/index.php?rest_route=%2Fwp%2Fv2%2Fcomments&post=51"}],"version-history":[{"count":4,"href":"https:\/\/trachten-stueberl.eu\/index.php?rest_route=\/wp\/v2\/pages\/51\/revisions"}],"predecessor-version":[{"id":303,"href":"https:\/\/trachten-stueberl.eu\/index.php?rest_route=\/wp\/v2\/pages\/51\/revisions\/303"}],"wp:attachment":[{"href":"https:\/\/trachten-stueberl.eu\/index.php?rest_route=%2Fwp%2Fv2%2Fmedia&parent=51"}],"curies":[{"name":"wp","href":"https:\/\/api.w.org\/{rel}","templated":true}]}}