{"id":54,"date":"2019-04-08T14:48:06","date_gmt":"2019-04-08T14:48:06","guid":{"rendered":"http:\/\/trachten-stueberl.eu\/?page_id=54"},"modified":"2019-05-29T10:34:03","modified_gmt":"2019-05-29T10:34:03","slug":"hammerschmid","status":"publish","type":"page","link":"https:\/\/trachten-stueberl.eu\/?page_id=54","title":{"rendered":"Hammerschmid"},"content":{"rendered":"\n<p>Die hier gezeigten Fotos stellen eine Auswahl der auf der letzten Messe bestellten Produkte dar. Wir \u00fcbernehmen keine Garantie f\u00fcr die Lieferbarkeit oder Ausf\u00fchrung der gezeigten Produkte.<\/p>\n\n\n\n<p>Liefertermin wahrscheinlich mitte Juni 2019.<\/p>\n\n\n<style type=\"text\/css\">\n#foogallery-gallery-234 .fg-image { width: 150px; }\n#foogallery-gallery-234 { --fg-gutter: 10px; }<\/style>\n\t\t\t<div class=\"foogallery foogallery-container foogallery-default foogallery-lightbox-foobox fg-center fg-default fg-ready fg-light fg-border-thin fg-shadow-outline fg-loading-default fg-loaded-fade-in fg-caption-hover fg-hover-fade fg-hover-zoom\" id=\"foogallery-gallery-234\" data-foogallery=\"{&quot;item&quot;:{&quot;showCaptionTitle&quot;:true,&quot;showCaptionDescription&quot;:true},&quot;lazy&quot;:true}\" style=\"--fg-title-line-clamp: 0; --fg-description-line-clamp: 0;\" >\n\t<\/div>\n","protected":false},"excerpt":{"rendered":"<p>Die hier gezeigten Fotos stellen eine Auswahl der auf der letzten Messe bestellten Produkte dar. Wir \u00fcbernehmen keine Garantie f\u00fcr die Lieferbarkeit oder Ausf\u00fchrung der gezeigten Produkte. Liefertermin wahrscheinlich mitte Juni 2019.<\/p>\n","protected":false},"author":1,"featured_media":0,"parent":39,"menu_order":0,"comment_status":"closed","ping_status":"closed","template":"","meta":{"footnotes":""},"class_list":["post-54","page","type-page","status-publish","hentry"],"_links":{"self":[{"href":"https:\/\/trachten-stueberl.eu\/index.php?rest_route=\/wp\/v2\/pages\/54","targetHints":{"allow":["GET"]}}],"collection":[{"href":"https:\/\/trachten-stueberl.eu\/index.php?rest_route=\/wp\/v2\/pages"}],"about":[{"href":"https:\/\/trachten-stueberl.eu\/index.php?rest_route=\/wp\/v2\/types\/page"}],"author":[{"embeddable":true,"href":"https:\/\/trachten-stueberl.eu\/index.php?rest_route=\/wp\/v2\/users\/1"}],"replies":[{"embeddable":true,"href":"https:\/\/trachten-stueberl.eu\/index.php?rest_route=%2Fwp%2Fv2%2Fcomments&post=54"}],"version-history":[{"count":3,"href":"https:\/\/trachten-stueberl.eu\/index.php?rest_route=\/wp\/v2\/pages\/54\/revisions"}],"predecessor-version":[{"id":271,"href":"https:\/\/trachten-stueberl.eu\/index.php?rest_route=\/wp\/v2\/pages\/54\/revisions\/271"}],"up":[{"embeddable":true,"href":"https:\/\/trachten-stueberl.eu\/index.php?rest_route=\/wp\/v2\/pages\/39"}],"wp:attachment":[{"href":"https:\/\/trachten-stueberl.eu\/index.php?rest_route=%2Fwp%2Fv2%2Fmedia&parent=54"}],"curies":[{"name":"wp","href":"https:\/\/api.w.org\/{rel}","templated":true}]}}