{"id":96,"date":"2019-05-22T13:36:02","date_gmt":"2019-05-22T13:36:02","guid":{"rendered":"http:\/\/trachten-stueberl.eu\/?page_id=96"},"modified":"2019-05-22T15:14:15","modified_gmt":"2019-05-22T15:14:15","slug":"anfahrt","status":"publish","type":"page","link":"https:\/\/trachten-stueberl.eu\/?page_id=96","title":{"rendered":"Anfahrt"},"content":{"rendered":"\n<p>Sie finden das Trachtenst\u00fcberl in der Orchheimer Stra\u00dfe 27-29, 53902 Bad M\u00fcnstereifel in der N\u00e4he des Orchheimer Tors, des s\u00fcdlichen Stadttors von Bad M\u00fcnstereifel.<\/p>\n\n\n\n<p>Als Parkm\u00f6glichkeit empfehlen wir Ihnen den kostenpflichtigen Parkplatz &#8222;Gro\u00dfe Bleiche&#8220; ca. 100 Meter vor dem Orchheimer Tor.<\/p>\n\n\n\n<p>Vom Parkplatz gehen Sie durch das Orchheimer Tor. Sie finden uns ca 30 Meter hinter dem Stadttor auf der rechten Seite der Orchheimer Stra\u00dfe.<\/p>\n\n\n\n<p><\/p>\n","protected":false},"excerpt":{"rendered":"<p>Sie finden das Trachtenst\u00fcberl in der Orchheimer Stra\u00dfe 27-29, 53902 Bad M\u00fcnstereifel in der N\u00e4he des Orchheimer Tors, des s\u00fcdlichen Stadttors von Bad M\u00fcnstereifel. Als Parkm\u00f6glichkeit empfehlen wir Ihnen den kostenpflichtigen Parkplatz &#8222;Gro\u00dfe Bleiche&#8220; ca. 100 Meter vor dem Orchheimer Tor. Vom Parkplatz gehen Sie &hellip; <a href=\"https:\/\/trachten-stueberl.eu\/?page_id=96\" class=\"more-link\"><span>Continue reading<span class=\"screen-reader-text\">Anfahrt<\/span><\/span><\/a><\/p>\n","protected":false},"author":1,"featured_media":0,"parent":0,"menu_order":0,"comment_status":"closed","ping_status":"closed","template":"","meta":{"footnotes":""},"class_list":["post-96","page","type-page","status-publish","hentry"],"_links":{"self":[{"href":"https:\/\/trachten-stueberl.eu\/index.php?rest_route=\/wp\/v2\/pages\/96","targetHints":{"allow":["GET"]}}],"collection":[{"href":"https:\/\/trachten-stueberl.eu\/index.php?rest_route=\/wp\/v2\/pages"}],"about":[{"href":"https:\/\/trachten-stueberl.eu\/index.php?rest_route=\/wp\/v2\/types\/page"}],"author":[{"embeddable":true,"href":"https:\/\/trachten-stueberl.eu\/index.php?rest_route=\/wp\/v2\/users\/1"}],"replies":[{"embeddable":true,"href":"https:\/\/trachten-stueberl.eu\/index.php?rest_route=%2Fwp%2Fv2%2Fcomments&post=96"}],"version-history":[{"count":19,"href":"https:\/\/trachten-stueberl.eu\/index.php?rest_route=\/wp\/v2\/pages\/96\/revisions"}],"predecessor-version":[{"id":122,"href":"https:\/\/trachten-stueberl.eu\/index.php?rest_route=\/wp\/v2\/pages\/96\/revisions\/122"}],"wp:attachment":[{"href":"https:\/\/trachten-stueberl.eu\/index.php?rest_route=%2Fwp%2Fv2%2Fmedia&parent=96"}],"curies":[{"name":"wp","href":"https:\/\/api.w.org\/{rel}","templated":true}]}}